{"id":74,"date":"2018-03-20T16:34:26","date_gmt":"2018-03-20T16:34:26","guid":{"rendered":"http:\/\/die-dullkoeppe.de\/?page_id=74"},"modified":"2025-09-29T13:09:17","modified_gmt":"2025-09-29T13:09:17","slug":"kegeltouren","status":"publish","type":"page","link":"https:\/\/die-dullkoeppe.de\/?page_id=74","title":{"rendered":"Kegeltouren"},"content":{"rendered":"<h3><strong>Die nachfolgenden Orte wurden unsicher gemacht<\/strong><\/h3>\n<p>1994 Trier<br \/>\n1995 Bremerhaven<br \/>\n1996 Stromberg<br \/>\n1997 Medebach \/ Winterberg<br \/>\n1998 Bad Hoenningen<br \/>\n1999 Oberhof<br \/>\n2000 Oberlahr<br \/>\n2001 Leer<br \/>\n2002 Malle<br \/>\n2003 Bitburg<br \/>\n2004 Bulgarien<br \/>\n2005 Goslar<br \/>\n2006 Ibiza<br \/>\n2007 Dorf M\u00fcnsterland<br \/>\n2008 Rotenburg a.d.F.<br \/>\n2009 D\u00fcsseldorf<br \/>\n2010 Kalkar<br \/>\n2011 Frielendorf<br \/>\n2012 AIDA Malle \/ Alicante \/ Valencia<br \/>\n2013 Bremen<br \/>\n2014 Hamburg St. Pauli<br \/>\n2015 Amsterdam<br \/>\n2016 W\u00fcrzburg<br \/>\n2017 S\u00f6lden Weltcup Auftakt &#8211; Sieg von Vicky Rebensburg<br \/>\n2018 K\u00f6ln<br \/>\n2019 Willingen<br \/>\n2020 Rehringhausen<br \/>\n2021 Bodenwerder<br \/>\n2022 Alcudia Mallorca<br \/>\n2023 Fintel<br \/>\n2024 N\u00fcrnberg<br \/>\n2025 Stuttgart<\/p>\n","protected":false},"excerpt":{"rendered":"<p>Die nachfolgenden Orte wurden unsicher gemacht 1994 Trier 1995 Bremerhaven 1996 Stromberg 1997 Medebach \/ Winterberg 1998 Bad Hoenningen 1999 Oberhof 2000 Oberlahr 2001 Leer 2002 Malle 2003 Bitburg 2004 Bulgarien 2005 Goslar 2006 Ibiza 2007 Dorf M\u00fcnsterland 2008 Rotenburg a.d.F. 2009 D\u00fcsseldorf 2010 Kalkar 2011 Frielendorf 2012 AIDA Malle \/ Alicante \/ Valencia 2013 Bremen 2014 Hamburg St. Pauli 2015 Amsterdam 2016 W\u00fcrzburg 2017 S\u00f6lden Weltcup Auftakt &#8211; Sieg von Vicky Rebensburg 2018 K\u00f6ln 2019 Willingen 2020 Rehringhausen 2021<a class=\"more-link\" href=\"https:\/\/die-dullkoeppe.de\/?page_id=74\"><span data-hover=\"weiterlesen\">weiterlesen<\/span><\/a><\/p>\n","protected":false},"author":1,"featured_media":0,"parent":0,"menu_order":0,"comment_status":"closed","ping_status":"closed","template":"","meta":{"footnotes":""},"class_list":["post-74","page","type-page","status-publish","hentry"],"_links":{"self":[{"href":"https:\/\/die-dullkoeppe.de\/index.php?rest_route=\/wp\/v2\/pages\/74","targetHints":{"allow":["GET"]}}],"collection":[{"href":"https:\/\/die-dullkoeppe.de\/index.php?rest_route=\/wp\/v2\/pages"}],"about":[{"href":"https:\/\/die-dullkoeppe.de\/index.php?rest_route=\/wp\/v2\/types\/page"}],"author":[{"embeddable":true,"href":"https:\/\/die-dullkoeppe.de\/index.php?rest_route=\/wp\/v2\/users\/1"}],"replies":[{"embeddable":true,"href":"https:\/\/die-dullkoeppe.de\/index.php?rest_route=%2Fwp%2Fv2%2Fcomments&post=74"}],"version-history":[{"count":11,"href":"https:\/\/die-dullkoeppe.de\/index.php?rest_route=\/wp\/v2\/pages\/74\/revisions"}],"predecessor-version":[{"id":231,"href":"https:\/\/die-dullkoeppe.de\/index.php?rest_route=\/wp\/v2\/pages\/74\/revisions\/231"}],"wp:attachment":[{"href":"https:\/\/die-dullkoeppe.de\/index.php?rest_route=%2Fwp%2Fv2%2Fmedia&parent=74"}],"curies":[{"name":"wp","href":"https:\/\/api.w.org\/{rel}","templated":true}]}}