{"id":2,"date":"2016-05-10T03:48:21","date_gmt":"2016-05-10T03:48:21","guid":{"rendered":"http:\/\/die-dullkoeppe.de\/?page_id=2"},"modified":"2025-09-29T13:16:01","modified_gmt":"2025-09-29T13:16:01","slug":"sample-page","status":"publish","type":"page","link":"https:\/\/die-dullkoeppe.de\/","title":{"rendered":"Herzlich Willkommen"},"content":{"rendered":"\n<figure class=\"wp-block-image size-large\"><img loading=\"lazy\" decoding=\"async\" width=\"1024\" height=\"768\" src=\"http:\/\/die-dullkoeppe.de\/wp-content\/uploads\/2021\/09\/die_dullkoeppe-1024x768.jpg\" alt=\"\" class=\"wp-image-205\" srcset=\"https:\/\/die-dullkoeppe.de\/wp-content\/uploads\/2021\/09\/die_dullkoeppe-1024x768.jpg 1024w, https:\/\/die-dullkoeppe.de\/wp-content\/uploads\/2021\/09\/die_dullkoeppe-300x225.jpg 300w, https:\/\/die-dullkoeppe.de\/wp-content\/uploads\/2021\/09\/die_dullkoeppe-768x576.jpg 768w, https:\/\/die-dullkoeppe.de\/wp-content\/uploads\/2021\/09\/die_dullkoeppe-1536x1152.jpg 1536w, https:\/\/die-dullkoeppe.de\/wp-content\/uploads\/2021\/09\/die_dullkoeppe-1200x900.jpg 1200w, https:\/\/die-dullkoeppe.de\/wp-content\/uploads\/2021\/09\/die_dullkoeppe.jpg 2048w\" sizes=\"auto, (max-width: 1024px) 100vw, 1024px\" \/><\/figure>\n\n\n<h3>Vor 33 Jahren wurde w\u00e4hrend einer kleinen Abendveranstaltung mit diversen Getr\u00e4nken aus einer Bierlaune heraus \u00fcber die Gr\u00fcndung eines Kegelclubs diskutiert.<br \/>Gesagt getan &#8211; die anwesenden Kumpels stimmten zu 100% per Handzeichen zu. Somit war Stromberg um einen Kegelclub reicher.<\/h3>","protected":false},"excerpt":{"rendered":"<p>Vor 33 Jahren wurde w\u00e4hrend einer kleinen Abendveranstaltung mit diversen Getr\u00e4nken aus einer Bierlaune heraus \u00fcber die Gr\u00fcndung eines Kegelclubs diskutiert.Gesagt getan &#8211; die anwesenden Kumpels stimmten zu 100% per Handzeichen zu. Somit war Stromberg um einen Kegelclub reicher.<\/p>\n","protected":false},"author":1,"featured_media":0,"parent":0,"menu_order":0,"comment_status":"closed","ping_status":"closed","template":"","meta":{"footnotes":""},"class_list":["post-2","page","type-page","status-publish","hentry"],"_links":{"self":[{"href":"https:\/\/die-dullkoeppe.de\/index.php?rest_route=\/wp\/v2\/pages\/2","targetHints":{"allow":["GET"]}}],"collection":[{"href":"https:\/\/die-dullkoeppe.de\/index.php?rest_route=\/wp\/v2\/pages"}],"about":[{"href":"https:\/\/die-dullkoeppe.de\/index.php?rest_route=\/wp\/v2\/types\/page"}],"author":[{"embeddable":true,"href":"https:\/\/die-dullkoeppe.de\/index.php?rest_route=\/wp\/v2\/users\/1"}],"replies":[{"embeddable":true,"href":"https:\/\/die-dullkoeppe.de\/index.php?rest_route=%2Fwp%2Fv2%2Fcomments&post=2"}],"version-history":[{"count":14,"href":"https:\/\/die-dullkoeppe.de\/index.php?rest_route=\/wp\/v2\/pages\/2\/revisions"}],"predecessor-version":[{"id":235,"href":"https:\/\/die-dullkoeppe.de\/index.php?rest_route=\/wp\/v2\/pages\/2\/revisions\/235"}],"wp:attachment":[{"href":"https:\/\/die-dullkoeppe.de\/index.php?rest_route=%2Fwp%2Fv2%2Fmedia&parent=2"}],"curies":[{"name":"wp","href":"https:\/\/api.w.org\/{rel}","templated":true}]}}